{"id":3946,"date":"2022-11-14T16:44:42","date_gmt":"2022-11-14T19:44:42","guid":{"rendered":"https:\/\/az9.escoladeproduto.com.br\/?page_id=3946"},"modified":"2022-11-14T17:05:40","modified_gmt":"2022-11-14T20:05:40","slug":"excluir-empresa","status":"publish","type":"page","link":"https:\/\/lemonderj.com.br\/dashboard\/excluir-empresa\/","title":{"rendered":"Excluir empresa"},"content":{"rendered":"\t\t<div data-elementor-type=\"wp-page\" data-elementor-id=\"3946\" class=\"elementor elementor-3946\" data-elementor-post-type=\"page\">\n\t\t\t\t\t\t<section class=\"elementor-section elementor-top-section elementor-element elementor-element-407277e elementor-section-height-min-height elementor-section-boxed elementor-section-height-default elementor-section-items-middle\" data-id=\"407277e\" data-element_type=\"section\" data-settings=\"{&quot;_ha_eqh_enable&quot;:false}\">\n\t\t\t\t\t\t<div class=\"elementor-container elementor-column-gap-default\">\n\t\t\t\t\t<div class=\"elementor-column elementor-col-100 elementor-top-column elementor-element elementor-element-10d6981\" data-id=\"10d6981\" data-element_type=\"column\" data-settings=\"{&quot;background_background&quot;:&quot;classic&quot;}\">\n\t\t\t<div class=\"elementor-widget-wrap elementor-element-populated\">\n\t\t\t\t\t\t<div class=\"elementor-element elementor-element-e298616 elementor-widget elementor-widget-heading\" data-id=\"e298616\" data-element_type=\"widget\" data-widget_type=\"heading.default\">\n\t\t\t\t<div class=\"elementor-widget-container\">\n\t\t\t<h2 class=\"elementor-heading-title elementor-size-default\">CADASTRO DIVULGA\u00c7\u00c3O<\/h2>\t\t<\/div>\n\t\t\t\t<\/div>\n\t\t\t\t<div class=\"elementor-element elementor-element-76fef50 elementor-hidden-tablet elementor-hidden-mobile elementor-widget-divider--view-line elementor-widget elementor-widget-divider\" data-id=\"76fef50\" data-element_type=\"widget\" data-widget_type=\"divider.default\">\n\t\t\t\t<div class=\"elementor-widget-container\">\n\t\t\t\t\t<div class=\"elementor-divider\">\n\t\t\t<span class=\"elementor-divider-separator\">\n\t\t\t\t\t\t<\/span>\n\t\t<\/div>\n\t\t\t\t<\/div>\n\t\t\t\t<\/div>\n\t\t\t\t\t<\/div>\n\t\t<\/div>\n\t\t\t\t\t<\/div>\n\t\t<\/section>\n\t\t\t\t<section class=\"elementor-section elementor-top-section elementor-element elementor-element-f95e977 elementor-section-boxed elementor-section-height-default elementor-section-height-default\" data-id=\"f95e977\" data-element_type=\"section\" data-settings=\"{&quot;_ha_eqh_enable&quot;:false}\">\n\t\t\t\t\t\t<div class=\"elementor-container elementor-column-gap-default\">\n\t\t\t\t\t<div class=\"elementor-column elementor-col-100 elementor-top-column elementor-element elementor-element-2b4e044\" data-id=\"2b4e044\" data-element_type=\"column\">\n\t\t\t<div class=\"elementor-widget-wrap elementor-element-populated\">\n\t\t\t\t\t\t<div class=\"elementor-element elementor-element-f68a784 elementor-widget elementor-widget-heading\" data-id=\"f68a784\" data-element_type=\"widget\" data-widget_type=\"heading.default\">\n\t\t\t\t<div class=\"elementor-widget-container\">\n\t\t\t<h2 class=\"elementor-heading-title elementor-size-default\">EXCLUIR A EMPRESA - EXCLUSIVO PARA COND\u00d4MINOS<\/h2>\t\t<\/div>\n\t\t\t\t<\/div>\n\t\t\t\t\t<\/div>\n\t\t<\/div>\n\t\t\t\t\t<\/div>\n\t\t<\/section>\n\t\t\t\t<section class=\"elementor-section elementor-top-section elementor-element elementor-element-749bad3 elementor-section-boxed elementor-section-height-default elementor-section-height-default\" data-id=\"749bad3\" data-element_type=\"section\" data-settings=\"{&quot;_ha_eqh_enable&quot;:false}\">\n\t\t\t\t\t\t<div class=\"elementor-container elementor-column-gap-default\">\n\t\t\t\t\t<div class=\"elementor-column elementor-col-100 elementor-top-column elementor-element elementor-element-9beef5e\" data-id=\"9beef5e\" data-element_type=\"column\">\n\t\t\t<div class=\"elementor-widget-wrap elementor-element-populated\">\n\t\t\t\t\t\t<div class=\"elementor-element elementor-element-55b42c9 elementor-widget elementor-widget-html\" data-id=\"55b42c9\" data-element_type=\"widget\" data-widget_type=\"html.default\">\n\t\t\t\t<div class=\"elementor-widget-container\">\n\t\t\t  <script>\njQuery(function () {\n  var file= document.getElementById(\"logotipo\");\n\nfile.addEventListener(\"change\",function(){\n    file.style.backgroundColor=\"transparent\";\n    file.style.color=\"transparent\";\n    alert(\"Arquivo Selecionado\");\n})\n});\n<\/script>\n\t\t<\/div>\n\t\t\t\t<\/div>\n\t\t\t\t<div class=\"elementor-element elementor-element-9c69317 elementor-widget elementor-widget-heading\" data-id=\"9c69317\" data-element_type=\"widget\" data-widget_type=\"heading.default\">\n\t\t\t\t<div class=\"elementor-widget-container\">\n\t\t\t<h2 class=\"elementor-heading-title elementor-size-default\">DESEJA EXCLUIR A EMPRESA?<\/h2>\t\t<\/div>\n\t\t\t\t<\/div>\n\t\t\t\t<div class=\"elementor-element elementor-element-c8388f5 elementor-widget elementor-widget-heading\" data-id=\"c8388f5\" data-element_type=\"widget\" data-widget_type=\"heading.default\">\n\t\t\t\t<div class=\"elementor-widget-container\">\n\t\t\t<h2 class=\"elementor-heading-title elementor-size-default\">PREENCHA OS CAMPOS ABAIXO<\/h2>\t\t<\/div>\n\t\t\t\t<\/div>\n\t\t\t\t<div class=\"elementor-element elementor-element-696f316 elementor-widget elementor-widget-jet-engine-booking-form\" data-id=\"696f316\" data-element_type=\"widget\" data-widget_type=\"jet-engine-booking-form.default\">\n\t\t\t\t<div class=\"elementor-widget-container\">\n\t\t\t<form  class=\"jet-form layout-column submit-type-ajax\" action=\"https:\/\/lemonderj.com.br\/dashboard\/?jet_engine_action=book\" method=\"POST\" data-form-id=\"3961\"><input class=\"jet-form__field hidden-field\" type=\"hidden\" name=\"_jet_engine_booking_form_id\" value=\"3961\" data-field-name=\"_jet_engine_booking_form_id\"><input class=\"jet-form__field hidden-field\" type=\"hidden\" name=\"_jet_engine_refer\" value=\"https:\/\/lemonderj.com.br\/dashboard\/wp-json\/wp\/v2\/pages\/3946\" data-field-name=\"_jet_engine_refer\"><div  class=\"jet-form-row jet-form-row--first-visible\"><div class=\"jet-form-col jet-form-col-6  field-type-text  jet-form-field-container\" data-field=\"CPF\/CNPJ\" data-conditional=\"false\"><div class=\"jet-form__label\">\n\t<span class=\"jet-form__label-text\" >CPF\/CNPJ<span class=\"jet-form__required\">*<\/span><\/span>\n\t<\/div><input class=\"jet-form__field text-field \" required=\"required\" name=\"CPF\/CNPJ\" id=\"CPF\/CNPJ\" type=\"text\" data-field-name=\"CPF\/CNPJ\"><small class=\"jet-form__desc\">RESPONS\u00c1VEL PELA SOLICITA\u00c7\u00c3O (PREENCHIMENTO OBRIGAT\u00d3RIO)<\/small><\/div><div class=\"jet-form-col jet-form-col-6  field-type-text  jet-form-field-container\" data-field=\"CONTATO\" data-conditional=\"false\"><div class=\"jet-form__label\">\n\t<span class=\"jet-form__label-text\" >CONTATO<\/span>\n\t<\/div><input class=\"jet-form__field text-field \" value=\"\" name=\"CONTATO\" id=\"CONTATO\" type=\"text\" data-field-name=\"CONTATO\"><\/div><\/div><div class=\"jet-form__divider\"><\/div><div  class=\"jet-form-row\"><div class=\"jet-form-col jet-form-col-6  field-type-text  jet-form-field-container\" data-field=\"NOME\" data-conditional=\"false\"><div class=\"jet-form__label\">\n\t<span class=\"jet-form__label-text\" >NOME<span class=\"jet-form__required\">*<\/span><\/span>\n\t<\/div><input class=\"jet-form__field text-field \" value=\"\" required=\"required\" name=\"NOME\" id=\"NOME\" type=\"text\" data-field-name=\"NOME\"><\/div><div class=\"jet-form-col jet-form-col-6  field-type-text  jet-form-field-container\" data-field=\"CELULAR\" data-conditional=\"false\"><div class=\"jet-form__label\">\n\t<span class=\"jet-form__label-text\" >CELULAR<span class=\"jet-form__required\">*<\/span><\/span>\n\t<\/div><input class=\"jet-form__field text-field \" value=\"\" required=\"required\" name=\"CELULAR\" id=\"CELULAR\" type=\"text\" data-field-name=\"CELULAR\"><\/div><\/div><div class=\"jet-form__divider\"><\/div><div  class=\"jet-form-row\"><div class=\"jet-form-col jet-form-col-6  field-type-text  jet-form-field-container\" data-field=\"E-MAIL\" data-conditional=\"false\"><div class=\"jet-form__label\">\n\t<span class=\"jet-form__label-text\" >E-MAIL<span class=\"jet-form__required\">*<\/span><\/span>\n\t<\/div><input class=\"jet-form__field text-field \" value=\"\" required=\"required\" name=\"E-MAIL\" id=\"E-MAIL\" type=\"text\" data-field-name=\"E-MAIL\"><\/div><div class=\"jet-form-col jet-form-col-6  field-type-text  jet-form-field-container\" data-field=\"BLOCO E SALA\" data-conditional=\"false\"><div class=\"jet-form__label\">\n\t<span class=\"jet-form__label-text\" >BLOCO E SALA<span class=\"jet-form__required\">*<\/span><\/span>\n\t<\/div><input class=\"jet-form__field text-field \" value=\"\" required=\"required\" name=\"BLOCO E SALA\" id=\"BLOCO E SALA\" type=\"text\" data-field-name=\"BLOCO E SALA\"><\/div><\/div><div class=\"jet-form__divider\"><\/div><div  class=\"jet-form-row\"><div class=\"jet-form-col jet-form-col-12  field-type-text  jet-form-field-container\" data-field=\"MOTIVO PELO QUAL DESEJA EXCLUIR A EMPRESA\" data-conditional=\"false\"><div class=\"jet-form__label\">\n\t<span class=\"jet-form__label-text\" >MOTIVO PELO QUAL DESEJA EXCLUIR A EMPRESA<span class=\"jet-form__required\">*<\/span><\/span>\n\t<\/div><input class=\"jet-form__field text-field \" value=\"\" required=\"required\" name=\"MOTIVO PELO QUAL DESEJA EXCLUIR A EMPRESA\" id=\"MOTIVO PELO QUAL DESEJA EXCLUIR A EMPRESA\" type=\"text\" data-field-name=\"MOTIVO PELO QUAL DESEJA EXCLUIR A EMPRESA\"><\/div><\/div><div class=\"jet-form__divider\"><\/div><div  class=\"jet-form-row jet-form-row--submit\"><div class=\"jet-form-col jet-form-col-12  field-type-submit  jet-form-field-container\" data-field=\"Submit\" data-conditional=\"false\"><div class=\"jet-form__submit-wrap\">\n\t\t<button class=\"jet-form__submit submit-type-ajax\" type=\"button\">ENVIAR<\/button>\n<\/div><\/div><\/div><\/form><div class=\"jet-form-messages-wrap\" data-form-id=\"3961\"><\/div>\t\t<\/div>\n\t\t\t\t<\/div>\n\t\t\t\t\t<\/div>\n\t\t<\/div>\n\t\t\t\t\t<\/div>\n\t\t<\/section>\n\t\t\t\t<\/div>\n\t\t","protected":false},"excerpt":{"rendered":"<p>CADASTRO DIVULGA\u00c7\u00c3O EXCLUIR A EMPRESA &#8211; EXCLUSIVO PARA COND\u00d4MINOS DESEJA EXCLUIR A EMPRESA? PREENCHA OS CAMPOS ABAIXO CPF\/CNPJ* RESPONS\u00c1VEL PELA SOLICITA\u00c7\u00c3O (PREENCHIMENTO OBRIGAT\u00d3RIO) CONTATO NOME* CELULAR* E-MAIL* BLOCO E SALA* MOTIVO PELO QUAL DESEJA EXCLUIR A EMPRESA** ENVIAR<\/p>\n","protected":false},"author":3,"featured_media":0,"parent":0,"menu_order":0,"comment_status":"closed","ping_status":"closed","template":"elementor_header_footer","meta":{"footnotes":""},"_links":{"self":[{"href":"https:\/\/lemonderj.com.br\/dashboard\/wp-json\/wp\/v2\/pages\/3946"}],"collection":[{"href":"https:\/\/lemonderj.com.br\/dashboard\/wp-json\/wp\/v2\/pages"}],"about":[{"href":"https:\/\/lemonderj.com.br\/dashboard\/wp-json\/wp\/v2\/types\/page"}],"author":[{"embeddable":true,"href":"https:\/\/lemonderj.com.br\/dashboard\/wp-json\/wp\/v2\/users\/3"}],"replies":[{"embeddable":true,"href":"https:\/\/lemonderj.com.br\/dashboard\/wp-json\/wp\/v2\/comments?post=3946"}],"version-history":[{"count":28,"href":"https:\/\/lemonderj.com.br\/dashboard\/wp-json\/wp\/v2\/pages\/3946\/revisions"}],"predecessor-version":[{"id":3976,"href":"https:\/\/lemonderj.com.br\/dashboard\/wp-json\/wp\/v2\/pages\/3946\/revisions\/3976"}],"wp:attachment":[{"href":"https:\/\/lemonderj.com.br\/dashboard\/wp-json\/wp\/v2\/media?parent=3946"}],"curies":[{"name":"wp","href":"https:\/\/api.w.org\/{rel}","templated":true}]}}