{"id":3912,"date":"2022-11-14T15:51:26","date_gmt":"2022-11-14T18:51:26","guid":{"rendered":"https:\/\/az9.escoladeproduto.com.br\/?page_id=3912"},"modified":"2022-11-14T17:49:55","modified_gmt":"2022-11-14T20:49:55","slug":"alterar-empresa","status":"publish","type":"page","link":"https:\/\/lemonderj.com.br\/dashboard\/alterar-empresa\/","title":{"rendered":"Alterar empresa"},"content":{"rendered":"\t\t<div data-elementor-type=\"wp-page\" data-elementor-id=\"3912\" class=\"elementor elementor-3912\" data-elementor-post-type=\"page\">\n\t\t\t\t\t\t<section class=\"elementor-section elementor-top-section elementor-element elementor-element-407277e elementor-section-height-min-height elementor-section-boxed elementor-section-height-default elementor-section-items-middle\" data-id=\"407277e\" data-element_type=\"section\" data-settings=\"{&quot;_ha_eqh_enable&quot;:false}\">\n\t\t\t\t\t\t<div class=\"elementor-container elementor-column-gap-default\">\n\t\t\t\t\t<div class=\"elementor-column elementor-col-100 elementor-top-column elementor-element elementor-element-10d6981\" data-id=\"10d6981\" data-element_type=\"column\" data-settings=\"{&quot;background_background&quot;:&quot;classic&quot;}\">\n\t\t\t<div class=\"elementor-widget-wrap elementor-element-populated\">\n\t\t\t\t\t\t<div class=\"elementor-element elementor-element-e298616 elementor-widget elementor-widget-heading\" data-id=\"e298616\" data-element_type=\"widget\" data-widget_type=\"heading.default\">\n\t\t\t\t<div class=\"elementor-widget-container\">\n\t\t\t<h2 class=\"elementor-heading-title elementor-size-default\">CADASTRO DIVULGA\u00c7\u00c3O<\/h2>\t\t<\/div>\n\t\t\t\t<\/div>\n\t\t\t\t<div class=\"elementor-element elementor-element-76fef50 elementor-hidden-tablet elementor-hidden-mobile elementor-widget-divider--view-line elementor-widget elementor-widget-divider\" data-id=\"76fef50\" data-element_type=\"widget\" data-widget_type=\"divider.default\">\n\t\t\t\t<div class=\"elementor-widget-container\">\n\t\t\t\t\t<div class=\"elementor-divider\">\n\t\t\t<span class=\"elementor-divider-separator\">\n\t\t\t\t\t\t<\/span>\n\t\t<\/div>\n\t\t\t\t<\/div>\n\t\t\t\t<\/div>\n\t\t\t\t\t<\/div>\n\t\t<\/div>\n\t\t\t\t\t<\/div>\n\t\t<\/section>\n\t\t\t\t<section class=\"elementor-section elementor-top-section elementor-element elementor-element-f95e977 elementor-section-boxed elementor-section-height-default elementor-section-height-default\" data-id=\"f95e977\" data-element_type=\"section\" data-settings=\"{&quot;_ha_eqh_enable&quot;:false}\">\n\t\t\t\t\t\t<div class=\"elementor-container elementor-column-gap-default\">\n\t\t\t\t\t<div class=\"elementor-column elementor-col-100 elementor-top-column elementor-element elementor-element-2b4e044\" data-id=\"2b4e044\" data-element_type=\"column\">\n\t\t\t<div class=\"elementor-widget-wrap elementor-element-populated\">\n\t\t\t\t\t\t<div class=\"elementor-element elementor-element-f68a784 elementor-widget elementor-widget-heading\" data-id=\"f68a784\" data-element_type=\"widget\" data-widget_type=\"heading.default\">\n\t\t\t\t<div class=\"elementor-widget-container\">\n\t\t\t<h2 class=\"elementor-heading-title elementor-size-default\">ALTERAR EMPRESA - EXCLUSIVO PARA COND\u00d4MINOS<\/h2>\t\t<\/div>\n\t\t\t\t<\/div>\n\t\t\t\t\t<\/div>\n\t\t<\/div>\n\t\t\t\t\t<\/div>\n\t\t<\/section>\n\t\t\t\t<section class=\"elementor-section elementor-top-section elementor-element elementor-element-749bad3 elementor-section-boxed elementor-section-height-default elementor-section-height-default\" data-id=\"749bad3\" data-element_type=\"section\" data-settings=\"{&quot;_ha_eqh_enable&quot;:false}\">\n\t\t\t\t\t\t<div class=\"elementor-container elementor-column-gap-default\">\n\t\t\t\t\t<div class=\"elementor-column elementor-col-100 elementor-top-column elementor-element elementor-element-9beef5e\" data-id=\"9beef5e\" data-element_type=\"column\">\n\t\t\t<div class=\"elementor-widget-wrap elementor-element-populated\">\n\t\t\t\t\t\t<div class=\"elementor-element elementor-element-55b42c9 elementor-widget elementor-widget-html\" data-id=\"55b42c9\" data-element_type=\"widget\" data-widget_type=\"html.default\">\n\t\t\t\t<div class=\"elementor-widget-container\">\n\t\t\t  <script>\njQuery(function () {\n  var file= document.getElementById(\"logotipo\");\n\nfile.addEventListener(\"change\",function(){\n    file.style.backgroundColor=\"transparent\";\n    file.style.color=\"transparent\";\n    alert(\"Arquivo Selecionado\");\n})\n});\n<\/script>\n\t\t<\/div>\n\t\t\t\t<\/div>\n\t\t\t\t<div class=\"elementor-element elementor-element-696f316 elementor-widget elementor-widget-jet-engine-booking-form\" data-id=\"696f316\" data-element_type=\"widget\" data-widget_type=\"jet-engine-booking-form.default\">\n\t\t\t\t<div class=\"elementor-widget-container\">\n\t\t\t<form  class=\"jet-form layout-column submit-type-ajax\" action=\"https:\/\/lemonderj.com.br\/dashboard\/?jet_engine_action=book\" method=\"POST\" data-form-id=\"3986\"><input class=\"jet-form__field hidden-field\" type=\"hidden\" name=\"_jet_engine_booking_form_id\" value=\"3986\" data-field-name=\"_jet_engine_booking_form_id\"><input class=\"jet-form__field hidden-field\" type=\"hidden\" name=\"_jet_engine_refer\" value=\"https:\/\/lemonderj.com.br\/dashboard\/wp-json\/wp\/v2\/pages\/3912\" data-field-name=\"_jet_engine_refer\"><div  class=\"jet-form-row jet-form-row--first-visible\"><div class=\"jet-form-col jet-form-col-6  field-type-text cf7cpfcnpj-cpf jet-form-field-container\" data-field=\"cliente-cpf\" data-conditional=\"[{&quot;type&quot;:&quot;show&quot;,&quot;field&quot;:&quot;&quot;,&quot;operator&quot;:&quot;equal&quot;,&quot;value&quot;:&quot;&quot;,&quot;set_value&quot;:&quot;&quot;}]\"><div class=\"jet-form__label\">\n\t<span class=\"jet-form__label-text\" >CPF\/CNPJ<span class=\"jet-form__required\">*<\/span><\/span>\n\t<\/div><input class=\"jet-form__field text-field \" value=\"\" required=\"required\" name=\"cliente-cpf\" id=\"cliente-cpf\" type=\"text\" data-field-name=\"cliente-cpf\"><\/div><div class=\"jet-form-col jet-form-col-6  field-type-text  jet-form-field-container\" data-field=\"responsavel\" data-conditional=\"false\"><div class=\"jet-form__label\">\n\t<span class=\"jet-form__label-text\" >CONTATO<span class=\"jet-form__required\">*<\/span><\/span>\n\t<\/div><input class=\"jet-form__field text-field \" value=\"\" required=\"required\" name=\"responsavel\" id=\"responsavel\" type=\"text\" data-field-name=\"responsavel\"><\/div><\/div><div class=\"jet-form__divider\"><\/div><div  class=\"jet-form-row\"><div class=\"jet-form-col jet-form-col-6  field-type-text  jet-form-field-container\" data-field=\"nome-empresa\" data-conditional=\"false\"><div class=\"jet-form__label\">\n\t<span class=\"jet-form__label-text\" >NOME DA EMPRESA<span class=\"jet-form__required\">*<\/span><\/span>\n\t<\/div><input class=\"jet-form__field text-field \" value=\"\" required=\"required\" name=\"nome-empresa\" id=\"nome-empresa\" type=\"text\" data-field-name=\"nome-empresa\"><\/div><div class=\"jet-form-col jet-form-col-6  field-type-media  jet-form-field-container\" data-field=\"logotipo\" data-conditional=\"false\"><div class=\"jet-form__label\">\n\t<span class=\"jet-form__label-text\" >Logotipo<span class=\"jet-form__required\">*<\/span><\/span>\n\t<\/div><div class=\"jet-engine-file-upload\">\n\t<div class=\"jet-engine-file-upload__content\">\n\t\t<div class=\"jet-engine-file-upload__loader\"><svg xmlns=\"http:\/\/www.w3.org\/2000\/svg\" width=\"38\" height=\"38\" viewBox=\"0 0 38 38\" stroke=\"#fff\"><g fill=\"none\" fill-rule=\"evenodd\"><g transform=\"translate(1 1)\" stroke-width=\"2\"><circle stroke-opacity=\".5\" cx=\"18\" cy=\"18\" r=\"18\"\/><path d=\"M36 18c0-9.94-8.06-18-18-18\" transform=\"rotate(137.826 18 18)\"><animateTransform attributeName=\"transform\" type=\"rotate\" from=\"0 18 18\" to=\"360 18 18\" dur=\"1s\" repeatCount=\"indefinite\"\/><\/path><\/g><\/g><\/svg><\/div>\t\t<div class=\"jet-engine-file-upload__files\"  data-args=\"{&quot;max_files&quot;:&quot;1&quot;,&quot;insert_attachment&quot;:false,&quot;value_format&quot;:&quot;url&quot;}\"><\/div>\n\t<\/div>\n\t<div class=\"jet-engine-file-upload__fields\">\n\t\t<input class=\"jet-form__field jet-engine-file-upload__value\" type=\"hidden\" name=\"logotipo\" data-field-name=\"logotipo\" value=\"\" required=\"required\">\n\t\t<input class=\"jet-form__field file-field jet-engine-file-upload__input\" name=\"logotipo_input\" type=\"file\" data-form_id=\"3986\" data-field=\"logotipo\" id=\"logotipo\" data-max_files=\"1\" multiple=\"1\" accept=\"image\/jpeg,image\/png\" data-max_size=\"1048576\">\n\t<\/div>\n\t<div class=\"jet-engine-file-upload__message\"><small>Maximum file size: 1 MB<\/small><\/div>\n\t<div class=\"jet-engine-file-upload__errors is-hidden\"><\/div>\n<\/div><small class=\"jet-form__desc\">Png\/Jpg 300x300, 400x400 at\u00e9 1080x1080<\/small><\/div><\/div><div class=\"jet-form__divider\"><\/div><div  class=\"jet-form-row\"><div class=\"jet-form-col jet-form-col-6  field-type-select  jet-form-field-container\" data-field=\"tipo-empresa\" data-conditional=\"false\"><div class=\"jet-form__label\">\n\t<span class=\"jet-form__label-text\" >Categoria<span class=\"jet-form__required\">*<\/span><\/span>\n\t<\/div><select  required=\"required\" name=\"tipo-empresa\" data-field-name=\"tipo-empresa\" id=\"tipo-empresa\" data-default-val=\"\" class=\"jet-form__field select-field\"><option value=\"\" selected>Categorias<\/option><option value=\"68\" >ADMINISTRA\u00c7\u00c3O<\/option><option value=\"152\" >ADVOCACIA<\/option><option value=\"69\" >AG\u00caNCIA DE VIAGENS<\/option><option value=\"70\" >ALIMENTA\u00c7\u00c3O<\/option><option value=\"71\" >ARQUITETURA<\/option><option value=\"72\" >ASSESSORIA<\/option><option value=\"73\" >BANCO<\/option><option value=\"155\" >Cabeleireiros<\/option><option value=\"74\" >CAMBIO<\/option><option value=\"108\" >CARDIOLOGIA<\/option><option value=\"109\" >CENTRO DE REPROGRAMA\u00c7\u00c3O CORPORAL<\/option><option value=\"110\" >CENTRO M\u00c9DICO<\/option><option value=\"76\" >COACHING<\/option><option value=\"75\" >CONSTRU\u00c7\u00c3O<\/option><option value=\"77\" >CONSULTORIA<\/option><option value=\"78\" >CONTABILIDADE<\/option><option value=\"79\" >CORRETORA<\/option><option value=\"80\" >CURSOS<\/option><option value=\"82\" >DISTRIBUIDORAS<\/option><option value=\"81\" >DRAGAGEM<\/option><option value=\"83\" >ENERGIA<\/option><option value=\"84\" >ENGENHARIA<\/option><option value=\"88\" >EQUIPAMENTO \/ PRODUTORA<\/option><option value=\"85\" >ESPORTES<\/option><option value=\"86\" >ESTACIONAMENTO<\/option><option value=\"87\" >EST\u00c9TICA<\/option><option value=\"153\" >FARM\u00c1CIA<\/option><option value=\"89\" >FEDERA\u00c7\u00c3O<\/option><option value=\"91\" >IMPORTA\u00c7\u00c3O \/ EXPORTA\u00c7\u00c3O<\/option><option value=\"90\" >INCORPORA\u00c7\u00c3O<\/option><option value=\"92\" >INDUSTRIAL<\/option><option value=\"93\" >LABORAT\u00d3RIO<\/option><option value=\"154\" >LOCA\u00c7\u00c3O DE CONSULT\u00d3RIO<\/option><option value=\"94\" >LOJA<\/option><option value=\"156\" >manicure e pedicure<\/option><option value=\"96\" >MANUTEN\u00c7\u00c3O<\/option><option value=\"95\" >M\u00c3O DE OBRA TERCEIRIZADA<\/option><option value=\"97\" >MERCADO FINANCEIRO<\/option><option value=\"98\" >MINERA\u00c7\u00c3O \/ PETR\u00d3LEO E G\u00c1S<\/option><option value=\"99\" >ORGANIZA\u00c7\u00c3O DE EVENTOS<\/option><option value=\"100\" >PLANO DE SA\u00daDE \/ PREVID\u00caNCIA<\/option><option value=\"101\" >PRODU\u00c7\u00d5ES ART\u00cdSTICAS<\/option><option value=\"102\" >RECRUTAMENTO E SELE\u00c7\u00c3O<\/option><option value=\"103\" >REPRESENTA\u00c7\u00c3O E VENDAS<\/option><option value=\"104\" >SA\u00daDE<\/option><option value=\"105\" >SA\u00daDE - ACUPUNTURA<\/option><option value=\"106\" >SA\u00daDE - ANGIOLOGIA<\/option><option value=\"107\" >SA\u00daDE - ASSIMETRIA CRANIANA<\/option><option value=\"111\" >SA\u00daDE - CIRURGIA<\/option><option value=\"112\" >SA\u00daDE - CIRURGIA PL\u00c1STICA<\/option><option value=\"113\" >SA\u00daDE - CIRURGIA VASCULAR<\/option><option value=\"114\" >SA\u00daDE - CL\u00cdNICA DE EXAMES POR DIAGN\u00d3STICO<\/option><option value=\"115\" >SA\u00daDE - CL\u00cdNICA M\u00c9DICA<\/option><option value=\"116\" >SA\u00daDE - CL\u00cdNICA M\u00c9DICA E ALERGIA E IMUNOLOGIA<\/option><option value=\"117\" >SA\u00daDE - CONSULT\u00d3RIO M\u00c9DICO<\/option><option value=\"118\" >SA\u00daDE - DERMATOLOGIA<\/option><option value=\"119\" >SA\u00daDE - ENDOCRINOLOGIA<\/option><option value=\"120\" >SA\u00daDE - FISIOTERAPIA<\/option><option value=\"121\" >SA\u00daDE - FONOAUDIOLOGIA<\/option><option value=\"122\" >SA\u00daDE - GASTROENTEOROLOGIA<\/option><option value=\"123\" >SA\u00daDE - GERIATRIA<\/option><option value=\"124\" >SA\u00daDE - GINECOLOGIA<\/option><option value=\"126\" >SA\u00daDE - GINECOLOGIA \/ MASTOLOGIA<\/option><option value=\"125\" >SA\u00daDE - GINECOLOGIA \/ OBSTETR\u00cdCIA<\/option><option value=\"127\" >SA\u00daDE - MEDICINA EST\u00c9TICANUTRI\u00c7\u00c3O \/ NUTROLOGIA<\/option><option value=\"128\" >SA\u00daDE - ODONTOLOGIA<\/option><option value=\"130\" >SA\u00daDE - ODONTOLOGIA \/ ODONTOPEDIATRIA<\/option><option value=\"129\" >SA\u00daDE - ODONTOPEDIATRIA<\/option><option value=\"131\" >SA\u00daDE - OFTALMOLOGIA<\/option><option value=\"132\" >SA\u00daDE - ONCOLOGIA<\/option><option value=\"133\" >SA\u00daDE - ONCOLOGIA \/ MASTOLOGIA<\/option><option value=\"137\" >SA\u00daDE - ORORRINOLARINGOLOGIA<\/option><option value=\"134\" >SA\u00daDE - ORTODONTIA \/ CIRURGIA GERAL<\/option><option value=\"135\" >SA\u00daDE - ORTOMOLECULAR<\/option><option value=\"136\" >SA\u00daDE - ORTOPEDIA<\/option><option value=\"138\" >SA\u00daDE - PEDIATRIA<\/option><option value=\"139\" >SA\u00daDE - PROCTOLOGIA<\/option><option value=\"140\" >SA\u00daDE - PSICANALISE<\/option><option value=\"141\" >SA\u00daDE - PSICOLOGIA<\/option><option value=\"142\" >SA\u00daDE - PSIQUIATRIA<\/option><option value=\"143\" >SA\u00daDE - ULTRASONOGRAFIA<\/option><option value=\"144\" >SA\u00daDE - VACINAS<\/option><option value=\"145\" >SA\u00daDE E BEM ESTAR<\/option><option value=\"146\" >SEGURADORA<\/option><option value=\"147\" >SEGURAN\u00c7A<\/option><option value=\"148\" >SERVI\u00c7OS<\/option><option value=\"149\" >SOLU\u00c7\u00d5ES PARA E-LEARNING<\/option><option value=\"150\" >TECNOLOGIA<\/option><option value=\"151\" >TELECOMUNICA\u00c7\u00c3O<\/option><\/select><\/div><div class=\"jet-form-col jet-form-col-6  field-type-text  jet-form-field-container\" data-field=\"horario-de-funcionamento\" data-conditional=\"false\"><div class=\"jet-form__label\">\n\t<span class=\"jet-form__label-text\" >Hor\u00e1rio de funcionamento<\/span>\n\t<\/div><input class=\"jet-form__field text-field \" value=\"\" name=\"horario-de-funcionamento\" id=\"horario-de-funcionamento\" type=\"text\" data-field-name=\"horario-de-funcionamento\"><\/div><\/div><div class=\"jet-form__divider\"><\/div><div  class=\"jet-form-row\"><div class=\"jet-form-col jet-form-col-6  field-type-text  jet-form-field-container\" data-field=\"Bloco\" data-conditional=\"false\"><div class=\"jet-form__label\">\n\t<span class=\"jet-form__label-text\" >BLOCO E SALA<span class=\"jet-form__required\">*<\/span><\/span>\n\t<\/div><input class=\"jet-form__field text-field \" value=\"\" required=\"required\" name=\"Bloco\" id=\"Bloco\" type=\"text\" data-field-name=\"Bloco\"><\/div><div class=\"jet-form-col jet-form-col-6  field-type-text  jet-form-field-container\" data-field=\"telefone-fixo\" data-conditional=\"false\"><div class=\"jet-form__label\">\n\t<span class=\"jet-form__label-text\" >TELEFONE FIXO<\/span>\n\t<\/div><input class=\"jet-form__field text-field \" value=\"\" name=\"telefone-fixo\" id=\"telefone-fixo\" type=\"text\" data-field-name=\"telefone-fixo\"><\/div><\/div><div class=\"jet-form__divider\"><\/div><div  class=\"jet-form-row\"><div class=\"jet-form-col jet-form-col-6  field-type-text  jet-form-field-container\" data-field=\"whatsapp\" data-conditional=\"false\"><div class=\"jet-form__label\">\n\t<span class=\"jet-form__label-text\" >TELEFONE COM WHATSAPP<\/span>\n\t<\/div><input class=\"jet-form__field text-field \" value=\"wa.me\/55\" name=\"whatsapp\" id=\"whatsapp\" type=\"tel\" data-field-name=\"whatsapp\"><\/div><div class=\"jet-form-col jet-form-col-6  field-type-text  jet-form-field-container\" data-field=\"telefone-celular\" data-conditional=\"false\"><div class=\"jet-form__label\">\n\t<span class=\"jet-form__label-text\" >CELULAR<\/span>\n\t<\/div><input class=\"jet-form__field text-field \" value=\"\" name=\"telefone-celular\" id=\"telefone-celular\" type=\"text\" data-field-name=\"telefone-celular\"><\/div><\/div><div class=\"jet-form__divider\"><\/div><div  class=\"jet-form-row\"><div class=\"jet-form-col jet-form-col-6  field-type-text  jet-form-field-container\" data-field=\"email\" data-conditional=\"false\"><div class=\"jet-form__label\">\n\t<span class=\"jet-form__label-text\" >E-MAIL<span class=\"jet-form__required\">*<\/span><\/span>\n\t<\/div><input class=\"jet-form__field text-field \" value=\"\" required=\"required\" name=\"email\" id=\"email\" type=\"email\" data-field-name=\"email\"><\/div><div class=\"jet-form-col jet-form-col-6  field-type-text  jet-form-field-container\" data-field=\"linkedin\" data-conditional=\"false\"><div class=\"jet-form__label\">\n\t<span class=\"jet-form__label-text\" >LINKEDIN<\/span>\n\t<\/div><input class=\"jet-form__field text-field \" value=\"\" name=\"linkedin\" id=\"linkedin\" type=\"url\" data-field-name=\"linkedin\"><\/div><\/div><div class=\"jet-form__divider\"><\/div><div  class=\"jet-form-row\"><div class=\"jet-form-col jet-form-col-6  field-type-text  jet-form-field-container\" data-field=\"site\" data-conditional=\"false\"><div class=\"jet-form__label\">\n\t<span class=\"jet-form__label-text\" >SITE<\/span>\n\t<\/div><input class=\"jet-form__field text-field \" value=\"\" name=\"site\" id=\"site\" type=\"text\" data-field-name=\"site\"><\/div><div class=\"jet-form-col jet-form-col-6  field-type-text  jet-form-field-container\" data-field=\"facebook\" data-conditional=\"false\"><div class=\"jet-form__label\">\n\t<span class=\"jet-form__label-text\" >FACEBOOK<\/span>\n\t<\/div><input class=\"jet-form__field text-field \" value=\"\" name=\"facebook\" id=\"facebook\" type=\"url\" data-field-name=\"facebook\"><\/div><\/div><div class=\"jet-form__divider\"><\/div><div  class=\"jet-form-row\"><div class=\"jet-form-col jet-form-col-6  field-type-text  jet-form-field-container\" data-field=\"instagram\" data-conditional=\"false\"><div class=\"jet-form__label\">\n\t<span class=\"jet-form__label-text\" >INSTAGRAM<\/span>\n\t<\/div><input class=\"jet-form__field text-field \" value=\"\" name=\"instagram\" id=\"instagram\" type=\"text\" data-field-name=\"instagram\"><\/div><div class=\"jet-form-col jet-form-col-6  field-type-text  jet-form-field-container\" data-field=\"doctolaria\" data-conditional=\"false\"><div class=\"jet-form__label\">\n\t<span class=\"jet-form__label-text\" >DOCTOLARIA<\/span>\n\t<\/div><input class=\"jet-form__field text-field \" value=\"\" name=\"doctolaria\" id=\"doctolaria\" type=\"url\" data-field-name=\"doctolaria\"><\/div><\/div><div class=\"jet-form__divider\"><\/div><div  class=\"jet-form-row\"><div class=\"jet-form-col jet-form-col-6  field-type-text  jet-form-field-container\" data-field=\"endereco\" data-conditional=\"false\"><div class=\"jet-form__label\">\n\t<span class=\"jet-form__label-text\" >BLOCO E SALA<span class=\"jet-form__required\">*<\/span><\/span>\n\t<\/div><input class=\"jet-form__field text-field \" value=\"\" required=\"required\" name=\"endereco\" id=\"endereco\" type=\"text\" data-field-name=\"endereco\"><\/div><div class=\"jet-form-col jet-form-col-6  field-type-hidden  jet-form-field-container\" data-field=\"Espa\u00e7ador\" data-conditional=\"false\"><input class=\"jet-form__field hidden-field\" type=\"hidden\" name=\"Espa\u00e7ador\" value=\"\" data-field-name=\"Espa\u00e7ador\"><\/div><\/div><div class=\"jet-form__divider\"><\/div><div  class=\"jet-form-row\"><div class=\"jet-form-col jet-form-col-6  field-type-text  jet-form-field-container\" data-field=\"twitter\" data-conditional=\"false\"><div class=\"jet-form__label\">\n\t<span class=\"jet-form__label-text\" >TWITTER<\/span>\n\t<\/div><input class=\"jet-form__field text-field \" value=\"\" name=\"twitter\" id=\"twitter\" type=\"url\" data-field-name=\"twitter\"><small class=\"jet-form__desc\">RESPONS\u00c1VEL PELA SOLICITA\u00c7\u00c3O (PREENCHIMENTO OBRIGAT\u00d3RIO)<\/small><\/div><div class=\"jet-form-col jet-form-col-6  field-type-hidden  jet-form-field-container\" data-field=\"field_name\" data-conditional=\"false\"><input class=\"jet-form__field hidden-field\" type=\"hidden\" name=\"field_name\" value=\"\" data-field-name=\"field_name\"><\/div><\/div><div class=\"jet-form__divider\"><\/div><div  class=\"jet-form-row\"><div class=\"jet-form-col jet-form-col-6  field-type-text  jet-form-field-container\" data-field=\"Telefone Celular\" data-conditional=\"false\"><div class=\"jet-form__label\">\n\t<span class=\"jet-form__label-text\" >Telefone Celular<span class=\"jet-form__required\">*<\/span><\/span>\n\t<\/div><input class=\"jet-form__field text-field \" value=\"\" required=\"required\" name=\"Telefone Celular\" id=\"Telefone Celular\" type=\"tel\" data-field-name=\"Telefone Celular\"><\/div><div class=\"jet-form-col jet-form-col-6  field-type-text  jet-form-field-container\" data-field=\"nome\" data-conditional=\"false\"><div class=\"jet-form__label\">\n\t<span class=\"jet-form__label-text\" >Nome<span class=\"jet-form__required\">*<\/span><\/span>\n\t<\/div><input class=\"jet-form__field text-field \" value=\"\" required=\"required\" name=\"nome\" id=\"nome\" type=\"text\" data-field-name=\"nome\"><\/div><\/div><div class=\"jet-form__divider\"><\/div><div  class=\"jet-form-row\"><div class=\"jet-form-col jet-form-col-6  field-type-text  jet-form-field-container\" data-field=\"E-mail\" data-conditional=\"false\"><div class=\"jet-form__label\">\n\t<span class=\"jet-form__label-text\" >E-mail<span class=\"jet-form__required\">*<\/span><\/span>\n\t<\/div><input class=\"jet-form__field text-field \" value=\"\" required=\"required\" name=\"E-mail\" id=\"E-mail\" type=\"text\" data-field-name=\"E-mail\"><\/div><div class=\"jet-form-col jet-form-col-6  field-type-text  jet-form-field-container\" data-field=\"blocoR \" data-conditional=\"false\"><div class=\"jet-form__label\">\n\t<span class=\"jet-form__label-text\" >BLOCO E SALA<span class=\"jet-form__required\">*<\/span><\/span>\n\t<\/div><input class=\"jet-form__field text-field \" value=\"\" required=\"required\" name=\"blocoR \" id=\"blocoR \" type=\"text\" data-field-name=\"blocoR \"><\/div><\/div><div class=\"jet-form__divider\"><\/div><div  class=\"jet-form-row\"><div class=\"jet-form-col jet-form-col-12  field-type-text  jet-form-field-container\" data-field=\"descricao\" data-conditional=\"false\"><div class=\"jet-form__label\">\n\t<span class=\"jet-form__label-text\" >DESCREVA AQUI QUAL OU QUAIS CAMPOS DESEJA ALTERAR <span class=\"jet-form__required\">*<\/span><\/span>\n\t<\/div><input class=\"jet-form__field text-field \" value=\"\" required=\"required\" name=\"descricao\" id=\"descricao\" type=\"text\" data-field-name=\"descricao\"><\/div><\/div><div class=\"jet-form__divider\"><\/div><div  class=\"jet-form-row jet-form-row--submit\"><div class=\"jet-form-col jet-form-col-12  field-type-submit  jet-form-field-container\" data-field=\"Submit\" data-conditional=\"false\"><div class=\"jet-form__submit-wrap\">\n\t\t<button class=\"jet-form__submit submit-type-ajax\" type=\"button\">Enviar<\/button>\n<\/div><\/div><\/div><\/form><div class=\"jet-form-messages-wrap\" data-form-id=\"3986\"><\/div>\t\t<\/div>\n\t\t\t\t<\/div>\n\t\t\t\t\t<\/div>\n\t\t<\/div>\n\t\t\t\t\t<\/div>\n\t\t<\/section>\n\t\t\t\t<\/div>\n\t\t","protected":false},"excerpt":{"rendered":"<p>CADASTRO DIVULGA\u00c7\u00c3O ALTERAR EMPRESA &#8211; EXCLUSIVO PARA COND\u00d4MINOS CPF\/CNPJ* CONTATO* NOME DA EMPRESA* Logotipo Maximum file size: 1 MB Png\/Jpg 300&#215;300, 400&#215;400 at\u00e9 1080&#215;1080 Categoria* CategoriasADM. DE IM\u00d3VEIS \/ IMOBILI\u00c1RIASADVOCACIABELEZA E EST\u00c9TICACAF\u00c9S \/ RESTAURANTESCOMUNICA\u00c7\u00c3O \/ MARKETINGCONSULTORIACONSULT\u00d3RIOS \/ CL\u00cdNICAS M\u00c9DICASCONTABILIDADEINFORM\u00c1TICA \/ TELECOMUNICA\u00c7\u00d5ESOUTROSREPRESENTA\u00c7\u00c3O COMERCIALSEGUROS E PREVID\u00caNCIAtesteteste pai Hor\u00e1rio de funcionamento BLOCO E SALA* TELEFONE FIXO TELEFONE COM [&hellip;]<\/p>\n","protected":false},"author":3,"featured_media":0,"parent":0,"menu_order":0,"comment_status":"closed","ping_status":"closed","template":"elementor_header_footer","meta":{"footnotes":""},"_links":{"self":[{"href":"https:\/\/lemonderj.com.br\/dashboard\/wp-json\/wp\/v2\/pages\/3912"}],"collection":[{"href":"https:\/\/lemonderj.com.br\/dashboard\/wp-json\/wp\/v2\/pages"}],"about":[{"href":"https:\/\/lemonderj.com.br\/dashboard\/wp-json\/wp\/v2\/types\/page"}],"author":[{"embeddable":true,"href":"https:\/\/lemonderj.com.br\/dashboard\/wp-json\/wp\/v2\/users\/3"}],"replies":[{"embeddable":true,"href":"https:\/\/lemonderj.com.br\/dashboard\/wp-json\/wp\/v2\/comments?post=3912"}],"version-history":[{"count":22,"href":"https:\/\/lemonderj.com.br\/dashboard\/wp-json\/wp\/v2\/pages\/3912\/revisions"}],"predecessor-version":[{"id":4023,"href":"https:\/\/lemonderj.com.br\/dashboard\/wp-json\/wp\/v2\/pages\/3912\/revisions\/4023"}],"wp:attachment":[{"href":"https:\/\/lemonderj.com.br\/dashboard\/wp-json\/wp\/v2\/media?parent=3912"}],"curies":[{"name":"wp","href":"https:\/\/api.w.org\/{rel}","templated":true}]}}